{"id":711,"date":"2024-11-15T09:46:23","date_gmt":"2024-11-15T06:46:23","guid":{"rendered":"https:\/\/arillaspeacefulbungalows.com\/privacy-policy\/"},"modified":"2025-05-14T12:54:53","modified_gmt":"2025-05-14T09:54:53","slug":"datenschutzerklaerung","status":"publish","type":"page","link":"https:\/\/arillaspeacefulbungalows.com\/de\/datenschutzerklaerung\/","title":{"rendered":"Datenschutzerkl\u00e4rung"},"content":{"rendered":"\r\n<h2 class=\"wp-block-heading\">Wer wir sind<\/h2>\r\n\r\n\r\n\r\n<p>\u00a0Unsere Website-Adresse lautet: <a href=\"https:\/\/arillaspeacefulbungalows.com\/de\/\">https:\/\/arillaspeacefulbungalows.com<\/a>.<\/p>\r\n\r\n\r\n\r\n<h2 class=\"wp-block-heading\">Kommentare<\/h2>\r\n\r\n\r\n\r\n<p>Wenn Besucher Kommentare auf der Webseite hinterlassen, erfassen wir die im Kommentarformular angezeigten Daten sowie die IP-Adresse und den Benutzer-Agent-String des Browsers des Besuchers, um die Spam-Erkennung zu erleichtern.<\/p>\r\n\r\n\r\n\r\n<p>Eine anonymisierte Zeichenfolge, die aus Ihrer E-Mail-Adresse erstellt wird (auch Hash genannt), kann dem Gravatar-Dienst zur Verf\u00fcgung gestellt werden, um zu sehen, ob Sie ihn verwenden. Die Datenschutzerkl\u00e4rung des Gravatar-Dienstes finden Sie hier: https:\/\/automattic.com\/privacy\/. Nach der Freigabe Ihres Kommentars ist Ihr Profilbild im Zusammenhang mit Ihrem Kommentar \u00f6ffentlich sichtbar.<\/p>\r\n\r\n\r\n\r\n<h2 class=\"wp-block-heading\">Medien<\/h2>\r\n<p>Wenn Sie Bilder auf die Webseite hochladen, sollten Sie es vermeiden, Bilder hochzuladen, die eingebettete Standortdaten (EXIF GPS) enthalten. Besucher der Webseite k\u00f6nnen alle Standortdaten von Bildern auf der Webseite herunterladen und extrahieren.<\/p>\r\n<h2>Cookies<\/h2>\r\n<p>Wenn Sie einen Kommentar auf unserer Webseite hinterlassen, Sie erkl\u00e4ren sich damit einverstanden, dass Ihr Name, Ihre E-Mail-Adresse und Ihre Webseite in Cookies gespeichert werden. Dies dient Ihrer Bequemlichkeit, damit Sie Ihre Daten nicht erneut eingeben m\u00fcssen, wenn Sie einen weiteren Kommentar hinterlassen. Diese Cookies sind ein Jahr lang g\u00fcltig.<\/p>\r\n<p>Wenn Sie unsere Login-Seite besuchen, setzen wir ein tempor\u00e4res Cookie, um festzustellen, ob Ihr Browser Cookies zul\u00e4sst. Dieses Cookie enth\u00e4lt keine pers\u00f6nlichen Daten und wird verworfen, wenn Sie Ihren Browser schlie\u00dfen.<\/p>\r\n<p>Wenn Sie sich einloggen, legen wir au\u00dferdem mehrere Cookies an, um Ihre Login-Informationen und Ihre Bildschirmoptionen zu speichern. Die Cookies f\u00fcr das Einloggen bleiben zwei Tage lang gespeichert, die Cookies f\u00fcr die Bildschirmoptionen ein Jahr lang. Wenn Sie &#8222;Remember Me&#8220; w\u00e4hlen, bleibt Ihr Login zwei Wochen lang erhalten. Wenn Sie sich von Ihrem Konto abmelden, werden die Logbuch-Cookies entfernt.<\/p>\r\n<p>Wenn Sie einen Artikel verarbeiten oder ver\u00f6ffentlichen, wird ein zus\u00e4tzliches Cookie in Ihrem Browser gespeichert. Dieses Cookie enth\u00e4lt keine pers\u00f6nlichen Daten und zeigt lediglich die Post-ID des Artikels an, den Sie gerade verarbeitet haben. Er verf\u00e4llt nach 1 Tag.<\/p>\r\n<h2>Eingebettete Inhalte von anderen Webseiten<\/h2>\r\n<p>Die Artikel auf dieser Webseite k\u00f6nnen eingebettete Inhalte enthalten (z.B. Videos, Bilder, Artikel usw.). Eingebettete Inhalte von anderen Webseiten verhalten sich genau so, als ob der Besucher die andere Webseite besucht h\u00e4tte.<\/p>\r\n<p>Diese Webseiten k\u00f6nnen Daten \u00fcber Sie sammeln, Cookies verwenden, zus\u00e4tzliche Trackingfunktionen von Dritten einbetten und Ihre Interaktion mit diesen eingebetteten Inhalten betreuen, einschlie\u00dflich der Verfolgung Ihrer Interaktion mit den eingebetteten Inhalten, wenn Sie ein Konto haben und auf dieser Webseite eingeloggt sind.<\/p>\r\n<h2>Mit wem wir Ihre Daten teilen<\/h2>\r\n<p>Wenn Sie ein neues Passwort anfordern, wird Ihre IP-Adresse in der E-Mail zum Zur\u00fccksetzen des Passworts angegeben.<\/p>\r\n<h2>Wie lange wir Ihre Daten aufbewahren<\/h2>\r\n<p>Wenn Sie einen Kommentar hinterlassen, werden der Kommentar und seine Metadaten auf unbestimmte Zeit gespeichert. Auf diese Weise k\u00f6nnen wir Folgekommentare automatisch erkennen und genehmigen, anstatt sie in einer Moderationswarteschlange zu halten.<\/p>\r\n<p>F\u00fcr Benutzer, die sich auf unserer Webseite registrieren (falls vorhanden), bewahren wir auch die pers\u00f6nlichen Informationen auf, die sie in ihrem Benutzerprofil angeben. Alle Benutzer k\u00f6nnen ihre pers\u00f6nlichen Daten jederzeit einsehen, verarbeiten oder l\u00f6schen (au\u00dfer sie k\u00f6nnen ihren Benutzernamen nicht \u00e4ndern). Auch die Administratoren der Webseite k\u00f6nnen diese Informationen einsehen und verarbeiten.<\/p>\r\n<h2>Welche Rechte Sie \u00fcber Ihre Daten haben<\/h2>\r\n<p>Wenn Sie ein Konto auf dieser Webseite haben oder Kommentare hinterlassen haben, k\u00f6nnen Sie eine exportierbare Datei mit den personenbezogenen Daten anfordern, die wir \u00fcber Sie gespeichert haben, einschlie\u00dflich der Daten, die Sie uns zur Verf\u00fcgung gestellt haben. Sie k\u00f6nnen auch verlangen, dass wir alle personenbezogenen Daten, die wir \u00fcber Sie gespeichert haben, l\u00f6schen. Dies gilt nicht f\u00fcr Daten, die wir aus administrativen, rechtlichen oder Sicherheitsgr\u00fcnden aufbewahren m\u00fcssen.<\/p>\r\n<h2>Wohin wir Ihre Daten senden<\/h2>\r\n<p>Besucherkommentare k\u00f6nnen durch einen automatischen Spam-Erkennungsdienst \u00fcberpr\u00fcft werden.<\/p>\r\n<h3>Wohin wir Ihre Daten senden<\/h3>\r\n<p>\u2022 Besucherkommentare k\u00f6nnen<br \/>\u2022 durch einen automatischen<br \/>\u2022 Spam-Erkennungsdienst \u00fcberpr\u00fcft werden.<\/p>\r\n","protected":false},"excerpt":{"rendered":"<p>Wer wir sind \u00a0Unsere Website-Adresse lautet: https:\/\/arillaspeacefulbungalows.com. Kommentare Wenn Besucher Kommentare auf der Webseite hinterlassen, erfassen wir die im Kommentarformular angezeigten Daten sowie die IP-Adresse und den Benutzer-Agent-String des Browsers des Besuchers, um die Spam-Erkennung zu erleichtern. Eine anonymisierte Zeichenfolge, die aus Ihrer E-Mail-Adresse erstellt wird (auch Hash genannt), kann dem Gravatar-Dienst zur Verf\u00fcgung gestellt [&hellip;]<\/p>\n","protected":false},"author":1,"featured_media":0,"parent":0,"menu_order":7,"comment_status":"closed","ping_status":"open","template":"template-terms.php","meta":{"_acf_changed":false,"inline_featured_image":false,"footnotes":""},"class_list":["post-711","page","type-page","status-publish","hentry"],"acf":[],"_links":{"self":[{"href":"https:\/\/arillaspeacefulbungalows.com\/de\/wp-json\/wp\/v2\/pages\/711","targetHints":{"allow":["GET"]}}],"collection":[{"href":"https:\/\/arillaspeacefulbungalows.com\/de\/wp-json\/wp\/v2\/pages"}],"about":[{"href":"https:\/\/arillaspeacefulbungalows.com\/de\/wp-json\/wp\/v2\/types\/page"}],"author":[{"embeddable":true,"href":"https:\/\/arillaspeacefulbungalows.com\/de\/wp-json\/wp\/v2\/users\/1"}],"replies":[{"embeddable":true,"href":"https:\/\/arillaspeacefulbungalows.com\/de\/wp-json\/wp\/v2\/comments?post=711"}],"version-history":[{"count":3,"href":"https:\/\/arillaspeacefulbungalows.com\/de\/wp-json\/wp\/v2\/pages\/711\/revisions"}],"predecessor-version":[{"id":752,"href":"https:\/\/arillaspeacefulbungalows.com\/de\/wp-json\/wp\/v2\/pages\/711\/revisions\/752"}],"wp:attachment":[{"href":"https:\/\/arillaspeacefulbungalows.com\/de\/wp-json\/wp\/v2\/media?parent=711"}],"curies":[{"name":"wp","href":"https:\/\/api.w.org\/{rel}","templated":true}]}}